{"id":44,"date":"2018-03-15T17:26:50","date_gmt":"2018-03-15T16:26:50","guid":{"rendered":"http:\/\/lesamisdelorguedemonteux.com\/?page_id=44"},"modified":"2018-03-15T17:29:43","modified_gmt":"2018-03-15T16:29:43","slug":"leglise-de-monteux","status":"publish","type":"page","link":"https:\/\/lesamisdelorguedemonteux.com\/index.php\/leglise-de-monteux\/","title":{"rendered":"L&#8217;\u00c9glise de Monteux"},"content":{"rendered":"<p>Vers 1325, les p\u00e8res Antonins (Hospitaliers de Saint Antoine) c\u00e9d\u00e8rent la chapelle de leur couvent situ\u00e9e alors au milieu du bourg aux habitants de Monteux. C&#8217;est autour de cette structure primitive et \u00e0 partir de cette date que fut \u00e9difi\u00e9e, par agrandissements successifs, et sur les ruines de l&#8217;ancien couvent des Antonins, l&#8217;\u00e9glise actuelle.<br \/>\nLa partie la plus ancienne de l&#8217;\u00e9glise correspond \u00e0 la chapelle Saint Joseph d&#8217;aujourd&#8217;hui. Les chapelles furent \u00e9lev\u00e9es \u00e0 diff\u00e9rentes \u00e9poques par les familles nobles qui y \u00e9tablirent leur s\u00e9pulture.<\/p>\n<p>L&#8217;\u00e9glise eut \u00e0 souffrir consid\u00e9rablement des d\u00e9sordres de la R\u00e9volution.<br \/>\nEn 1827, la Commune fit masquer la toiture par la vo\u00fbte actuelle en pl\u00e2tre. Mais c&#8217;est \u00e0 cause de la raret\u00e9 de sa charpente dans le Sud-est de la France, qu&#8217;elle fut inscrite au titre des monuments historiques en 1992.<\/p>\n<p>Le dallage actuel, construit dans les ann\u00e9es 1840, recouvre l&#8217;ancien pav\u00e9 dont les pierres tombales \u00e9taient couvertes d&#8217;inscriptions fun\u00e9raires.<\/p>\n<p>Dans les ann\u00e9es 1920, pour des raisons d&#8217;urbanisme, la fa\u00e7ade primitive fut d\u00e9molie et reconstruite en retrait d&#8217;un peu plus de deux m\u00e8tres.<\/p>\n<p>En 2009, la Commune fit construire une tribune (Cabinet d\u2019Architecte Fran\u00e7oise LEFEVRE d\u2019Avignon) destin\u00e9e \u00e0 recevoir l&#8217;orgue de l&#8217;Eglise Saint Martin d&#8217;Arenc de Marseille \u00ab r\u00e9cup\u00e9r\u00e9 \u00bb par les Amis de l&#8217;Orgue. Il s&#8217;agit d&#8217;un instrument construit par le grand facteur d&#8217;orgues Cavaill\u00e9-Coll Mutin en 1919 auquel sera rajout\u00e9 l\u2019orgue personnel de Claude Moreau (Senlis). L&#8217;\u00e9glise, ainsi enrichie, accueille chaque ann\u00e9e un festival d&#8217;orgue.<\/p>\n<p><img decoding=\"async\" loading=\"lazy\" class=\" wp-image-47 aligncenter\" src=\"http:\/\/lesamisdelorguedemonteux.com\/wp-content\/uploads\/2018\/03\/Plan-300x157.jpg\" alt=\"Plan Orgue Monteux\" width=\"699\" height=\"366\" srcset=\"https:\/\/lesamisdelorguedemonteux.com\/wp-content\/uploads\/2018\/03\/Plan-300x157.jpg 300w, https:\/\/lesamisdelorguedemonteux.com\/wp-content\/uploads\/2018\/03\/Plan-600x314.jpg 600w, https:\/\/lesamisdelorguedemonteux.com\/wp-content\/uploads\/2018\/03\/Plan-768x402.jpg 768w, https:\/\/lesamisdelorguedemonteux.com\/wp-content\/uploads\/2018\/03\/Plan-1024x536.jpg 1024w, https:\/\/lesamisdelorguedemonteux.com\/wp-content\/uploads\/2018\/03\/Plan-750x393.jpg 750w, https:\/\/lesamisdelorguedemonteux.com\/wp-content\/uploads\/2018\/03\/Plan.jpg 2015w\" sizes=\"(max-width: 699px) 100vw, 699px\" \/><\/p>\n<p style=\"text-align: center;\"><em><u>Plan du centre ville de Monteux (84170)<\/u><\/em><\/p>\n","protected":false},"excerpt":{"rendered":"<p>Vers 1325, les p\u00e8res Antonins (Hospitaliers de Saint Antoine) c\u00e9d\u00e8rent la chapelle de leur couvent situ\u00e9e alors au milieu du bourg aux habitants de Monteux. C&#8217;est autour de cette structure primitive et \u00e0 partir de cette date que fut \u00e9difi\u00e9e, par agrandissements successifs, et sur les ruines de l&#8217;ancien couvent des Antonins, l&#8217;\u00e9glise actuelle. La [&hellip;]<\/p>\n","protected":false},"author":1,"featured_media":0,"parent":0,"menu_order":0,"comment_status":"closed","ping_status":"closed","template":"template-fullwidth.php","meta":[],"_links":{"self":[{"href":"https:\/\/lesamisdelorguedemonteux.com\/index.php\/wp-json\/wp\/v2\/pages\/44"}],"collection":[{"href":"https:\/\/lesamisdelorguedemonteux.com\/index.php\/wp-json\/wp\/v2\/pages"}],"about":[{"href":"https:\/\/lesamisdelorguedemonteux.com\/index.php\/wp-json\/wp\/v2\/types\/page"}],"author":[{"embeddable":true,"href":"https:\/\/lesamisdelorguedemonteux.com\/index.php\/wp-json\/wp\/v2\/users\/1"}],"replies":[{"embeddable":true,"href":"https:\/\/lesamisdelorguedemonteux.com\/index.php\/wp-json\/wp\/v2\/comments?post=44"}],"version-history":[{"count":5,"href":"https:\/\/lesamisdelorguedemonteux.com\/index.php\/wp-json\/wp\/v2\/pages\/44\/revisions"}],"predecessor-version":[{"id":51,"href":"https:\/\/lesamisdelorguedemonteux.com\/index.php\/wp-json\/wp\/v2\/pages\/44\/revisions\/51"}],"wp:attachment":[{"href":"https:\/\/lesamisdelorguedemonteux.com\/index.php\/wp-json\/wp\/v2\/media?parent=44"}],"curies":[{"name":"wp","href":"https:\/\/api.w.org\/{rel}","templated":true}]}}