{"id":279,"date":"2018-03-17T22:29:09","date_gmt":"2018-03-17T21:29:09","guid":{"rendered":"http:\/\/lesamisdelorguedemonteux.com\/?page_id=279"},"modified":"2018-03-19T15:31:29","modified_gmt":"2018-03-19T14:31:29","slug":"la-ville-de-monteux","status":"publish","type":"page","link":"https:\/\/lesamisdelorguedemonteux.com\/index.php\/la-ville-de-monteux\/","title":{"rendered":"La Ville de Monteux"},"content":{"rendered":"<h2 class=\"titre2 text-secondary\">Monteux est situ\u00e9e<\/h2>\n<ul>\n<li>dans le d\u00e9partement de Vaucluse (84) et la r\u00e9gion Provence Alpes C\u00f4te d&#8217;Azur. Elle fait partie de la Communaut\u00e9 de communes\u00a0<a href=\"http:\/\/www.sorgues-du-comtat.com\/\">Les Sorgues du Comtat<\/a>,<\/li>\n<li>\u00e0 sept kilom\u00e8tres de Carpentras, au c\u0153ur du Comtat Venaissin et \u00e0 vingt-deux kilom\u00e8tres d&#8217;Avignon,<\/li>\n<li>dans la plaine, au sud-ouest du Mont Ventoux, \u00e0 l&#8217;est du Rh\u00f4ne et au nord de la Durance,<\/li>\n<li>\u00e0 40 m\u00e8tres d&#8217;altitude. Sa superficie est de 3902 hectares.<\/li>\n<\/ul>\n<p>Ses habitants sont appel\u00e9s les Montiliens. Au 1er janvier 2018, elle comptait 12 909 montiliens.<br \/>\nLe saint patron de la ville est Saint Gens.<\/p>\n<p>&nbsp;<\/p>\n<p><img decoding=\"async\" loading=\"lazy\" class=\"aligncenter wp-image-281 \" src=\"http:\/\/lesamisdelorguedemonteux.com\/wp-content\/uploads\/2018\/03\/6a0120a864ad46970b0167660655dd970b-1.jpg\" alt=\"La Ville de Monteux\" width=\"689\" height=\"535\" srcset=\"https:\/\/lesamisdelorguedemonteux.com\/wp-content\/uploads\/2018\/03\/6a0120a864ad46970b0167660655dd970b-1.jpg 1002w, https:\/\/lesamisdelorguedemonteux.com\/wp-content\/uploads\/2018\/03\/6a0120a864ad46970b0167660655dd970b-1-300x233.jpg 300w, https:\/\/lesamisdelorguedemonteux.com\/wp-content\/uploads\/2018\/03\/6a0120a864ad46970b0167660655dd970b-1-768x596.jpg 768w, https:\/\/lesamisdelorguedemonteux.com\/wp-content\/uploads\/2018\/03\/6a0120a864ad46970b0167660655dd970b-1-750x582.jpg 750w, https:\/\/lesamisdelorguedemonteux.com\/wp-content\/uploads\/2018\/03\/6a0120a864ad46970b0167660655dd970b-1-600x466.jpg 600w\" sizes=\"(max-width: 689px) 100vw, 689px\" \/><\/p>\n<p>&nbsp;<\/p>\n<div class=\"tematik_image\">\n<h2 class=\"titre2 text-secondary\">Origine du nom de la commune<\/h2>\n<p>Deux th\u00e9ories sont possibles : la position au pied des collines de Plumanel et de Saint Martin ou sa situation pr\u00e8s de la montagne et des eaux de la rivi\u00e8re : Mont Eaux.<br \/>\nEn 1188, la ville \u00e9tait nomm\u00e9e Montilis\u00a0; en 1464, Montels et en 1558, Monteulx.<\/p>\n<p>&nbsp;<\/p>\n<h2 class=\"titre2 text-secondary\">Historique<\/h2>\n<p>Par la d\u00e9couverte de quelques vestiges, on sait que Monteux existait d\u00e9j\u00e0 \u00e0 l&#8217;\u00e9poque romaine, mais c&#8217;est \u00e0 partir du XI<sup>\u00e8me<\/sup>\u00a0si\u00e8cle, date de la construction de son ch\u00e2teau, que Monteux appara\u00eet dans l&#8217;histoire.<br \/>\nCe dernier compos\u00e9 de six tours de quatorze m\u00e8tres de haut chacune, devient, en 1274, la propri\u00e9t\u00e9 du Pape.<br \/>\nEn 1305, le Pape Cl\u00e9ment V r\u00e9sident en Avignon s\u00e9journe fr\u00e9quemment au ch\u00e2teau.<br \/>\nEn 1357, Monteux s&#8217;entoure de remparts, hauts d&#8217;une dizaine de m\u00e8tres.<br \/>\nEn 1415, le ch\u00e2teau est presque enti\u00e8rement d\u00e9truit par un incendie.<br \/>\nIl n&#8217;en reste aujourd&#8217;hui que le donjon appel\u00e9 Tour Cl\u00e9mentine en l&#8217;honneur du Pape Cl\u00e9ment V.<br \/>\nEn 1791, Monteux est comme le reste du Comtat Venaissin, rattach\u00e9e \u00e0 la France.<\/p>\n<\/div>\n<p><em>Informations provenant du site de la Ville de Monteux :\u00a0<a href=\"http:\/\/www.monteux.fr\/\" target=\"_blank\" rel=\"noopener\">www.monteux.fr<\/a><\/em><\/p>\n<p>&nbsp;<\/p>\n<p>&nbsp;<\/p>\n","protected":false},"excerpt":{"rendered":"<p>Monteux est situ\u00e9e dans le d\u00e9partement de Vaucluse (84) et la r\u00e9gion Provence Alpes C\u00f4te d&#8217;Azur. Elle fait partie de la Communaut\u00e9 de communes\u00a0Les Sorgues du Comtat, \u00e0 sept kilom\u00e8tres de Carpentras, au c\u0153ur du Comtat Venaissin et \u00e0 vingt-deux kilom\u00e8tres d&#8217;Avignon, dans la plaine, au sud-ouest du Mont Ventoux, \u00e0 l&#8217;est du Rh\u00f4ne et [&hellip;]<\/p>\n","protected":false},"author":1,"featured_media":0,"parent":0,"menu_order":0,"comment_status":"closed","ping_status":"closed","template":"template-fullwidth.php","meta":[],"_links":{"self":[{"href":"https:\/\/lesamisdelorguedemonteux.com\/index.php\/wp-json\/wp\/v2\/pages\/279"}],"collection":[{"href":"https:\/\/lesamisdelorguedemonteux.com\/index.php\/wp-json\/wp\/v2\/pages"}],"about":[{"href":"https:\/\/lesamisdelorguedemonteux.com\/index.php\/wp-json\/wp\/v2\/types\/page"}],"author":[{"embeddable":true,"href":"https:\/\/lesamisdelorguedemonteux.com\/index.php\/wp-json\/wp\/v2\/users\/1"}],"replies":[{"embeddable":true,"href":"https:\/\/lesamisdelorguedemonteux.com\/index.php\/wp-json\/wp\/v2\/comments?post=279"}],"version-history":[{"count":4,"href":"https:\/\/lesamisdelorguedemonteux.com\/index.php\/wp-json\/wp\/v2\/pages\/279\/revisions"}],"predecessor-version":[{"id":314,"href":"https:\/\/lesamisdelorguedemonteux.com\/index.php\/wp-json\/wp\/v2\/pages\/279\/revisions\/314"}],"wp:attachment":[{"href":"https:\/\/lesamisdelorguedemonteux.com\/index.php\/wp-json\/wp\/v2\/media?parent=279"}],"curies":[{"name":"wp","href":"https:\/\/api.w.org\/{rel}","templated":true}]}}