{"id":2,"date":"2018-03-15T15:43:33","date_gmt":"2018-03-15T14:43:33","guid":{"rendered":"http:\/\/lesamisdelorguedemonteux.com\/?page_id=2"},"modified":"2025-09-14T16:27:00","modified_gmt":"2025-09-14T14:27:00","slug":"orgue-monteux","status":"publish","type":"page","link":"https:\/\/lesamisdelorguedemonteux.com\/index.php\/orgue-monteux\/","title":{"rendered":"L&#8217;orgue"},"content":{"rendered":"<h2>UNE BELLE AVENTURE\u2026<\/h2>\n<p>Village natal de Nicolas Saboly (1614-1675), c\u00e9l\u00e8bre pour ses No\u00ebls, Monteux ne poss\u00e9dait pas d\u2019orgue dans son \u00e9glise paroissiale Notre-Dame de Nazareth. C\u2019est en 1989 que germe l\u2019id\u00e9e de doter l\u2019\u00e9glise d\u2019un orgue d\u2019occasion, id\u00e9e tr\u00e8s vite abandonn\u00e9e pour laisser place \u00e0 plusieurs projets neufs dans le but de compl\u00e9ter le patrimoine organistique de la r\u00e9gion riche surtout d\u2019instrument anciens.<br \/>\nAinsi naquit l\u2019association des Amis de l\u2019Orgue de Monteux, suivie peu apr\u00e8s par le lancement d\u2019une souscription.<\/p>\n<p><img decoding=\"async\" loading=\"lazy\" class=\"wp-image-71 alignright\" src=\"http:\/\/lesamisdelorguedemonteux.com\/wp-content\/uploads\/2018\/03\/IMG_2-300x199.jpg\" alt=\"Orgue de monteux\" width=\"530\" height=\"352\" srcset=\"https:\/\/lesamisdelorguedemonteux.com\/wp-content\/uploads\/2018\/03\/IMG_2-300x199.jpg 300w, https:\/\/lesamisdelorguedemonteux.com\/wp-content\/uploads\/2018\/03\/IMG_2-600x398.jpg 600w, https:\/\/lesamisdelorguedemonteux.com\/wp-content\/uploads\/2018\/03\/IMG_2-768x510.jpg 768w, https:\/\/lesamisdelorguedemonteux.com\/wp-content\/uploads\/2018\/03\/IMG_2-750x498.jpg 750w, https:\/\/lesamisdelorguedemonteux.com\/wp-content\/uploads\/2018\/03\/IMG_2.jpg 1000w\" sizes=\"(max-width: 530px) 100vw, 530px\" \/><\/p>\n<h2>UNE OPPORTUNIT\u00c9 PROVIDENTIELLE !<\/h2>\n<p>En 1996 se pr\u00e9sente une premi\u00e8re opportunit\u00e9 qui donna un nouvel \u00e9lan \u00e0 l\u2019association: L\u2019\u00e9glise d\u00e9saffect\u00e9e Saint-Martin d\u2019Arenc (Marseille) poss\u00e9dait un magnifique instrument construit par l\u2019illustre facteur d\u2019orgues Cavaill\u00e9-Coll Mutin (Paris) en 1919. Muet depuis de longues ann\u00e9es, cet orgue de 21 jeux sur 2 claviers\/p\u00e9dalier, dont la tuyauterie avait \u00e9t\u00e9 pill\u00e9e, conservait son beau buffet en ch\u00eane massif constitu\u00e9 de deux parties encadrant un grand vitrail. Cette configuration s\u00e9duisit imm\u00e9diatement les amis de l\u2019orgue de Monteux lors de leur visite \u00e0 Saint-Martin, pr\u00e9venus par le dioc\u00e8se de Marseille que cet instrument \u00e9tait \u00e0 c\u00e9der, car ce dernier pourrait parfaitement trouver sa place de part et d\u2019autres des vitraux de St Gens et St Jean-Baptiste.<\/p>\n<h2>UNE TRIBUNE \u00c0 CONSTRUIRE&#8230;<\/h2>\n<p>Mais cette disposition projet\u00e9e n\u00e9cessitait la construction d\u2019une tribune pour recevoir l\u2019instrument. Financ\u00e9e int\u00e9gralement par la ville de Monteux, celle-ci est r\u00e9alis\u00e9e en 2009 par le cabinet Fran\u00e7oise Lef\u00e8vre d\u2019Avignon, en accord avec la commission d\u2019art sacr\u00e9, avec notamment sa balustrade en verre transparent qui n\u2019occulte aucune partie de l\u2019orgue. Son \u00e9l\u00e9gance permet au tambour d\u2019entr\u00e9e de s\u2019int\u00e9grer parfaitement \u00e0 l\u2019ensemble du buffet comme s\u2019il s\u2019agissait de son soubassement.<\/p>\n<h2>ET LA PROVIDENCE CONTINUE !<\/h2>\n<p>En juillet 2007 l\u2019association a connaissance de la vente aux ench\u00e8res d\u2019un orgue priv\u00e9, \u00e0 Senlis, dot\u00e9 de 24 jeux, avec une console de 5 claviers, une transmission \u00e9lectrique, sans buffet. Ainsi cette partie instrumentale, construite par le facteur d\u2019orgues Roger Lambert (Le Mans), disciple de Victor Gonzalez, pouvait compl\u00e9ter la tuyauterie manquante de l\u2019orgue \u00ab Cavaill\u00e9-Coll Mutin \u00bb de Marseille. Apr\u00e8s cette heureuse acquisition, l\u2019association a confi\u00e9 au facteur d\u2019orgue Bernard Thourel la r\u00e9alisation d\u2019un nouveau projet \u00e9labor\u00e9 par le ma\u00eetre d\u2019\u0153uvre Jean-Robert Cain, comportant une nouvelle console mobile plac\u00e9e dans la nef.<\/p>\n<h2>UNE PALETTE SONORE RICHE<\/h2>\n<p>Le projet d\u00e9finitivement adopt\u00e9 propose une r\u00e9partition des timbres (62 jeux) sur 6 plans sonores (5 claviers manuels et 1 p\u00e9dalier) avec de nombreux jeux de d\u00e9tails (fl\u00fbte, Galoubet, Cromorne, Violoncelle, Trompette, Clairon, Hautbois, Cornet etc\u2026) permettant l\u2019interpr\u00e9tation d\u2019un vaste r\u00e9pertoire couvrant plusieurs \u00e9poques.<\/p>\n<p><img decoding=\"async\" loading=\"lazy\" class=\"aligncenter wp-image-75 \" src=\"http:\/\/lesamisdelorguedemonteux.com\/wp-content\/uploads\/2018\/03\/IMG_3.jpg\" alt=\"Orgue de monteux\" width=\"575\" height=\"382\" srcset=\"https:\/\/lesamisdelorguedemonteux.com\/wp-content\/uploads\/2018\/03\/IMG_3.jpg 1000w, https:\/\/lesamisdelorguedemonteux.com\/wp-content\/uploads\/2018\/03\/IMG_3-600x398.jpg 600w, https:\/\/lesamisdelorguedemonteux.com\/wp-content\/uploads\/2018\/03\/IMG_3-300x199.jpg 300w, https:\/\/lesamisdelorguedemonteux.com\/wp-content\/uploads\/2018\/03\/IMG_3-768x510.jpg 768w, https:\/\/lesamisdelorguedemonteux.com\/wp-content\/uploads\/2018\/03\/IMG_3-750x498.jpg 750w\" sizes=\"(max-width: 575px) 100vw, 575px\" \/><\/p>\n<h2>TRADITION ET MODERNIT\u00c9<\/h2>\n<p>L\u2019\u00e9b\u00e9nisterie de la console mobile fait l\u2019objet d\u2019une attention particuli\u00e8re afin de s\u2019harmoniser avec le mobilier ancien du choeur de l\u2019\u00e9glise. R\u00e9alis\u00e9 par l\u2019\u00e9b\u00e9niste marseillais Christian Fournier, en bois de noyer, olivier et palissandre, cet \u00e9crin renferme un syst\u00e8me de commande \u00e9lectronique offrant \u00e0 l\u2019organiste un confort d\u2019utilisation maximum. Par ailleurs, un combinateur permet la mise en m\u00e9moire de centaines de registrations (combinaisons de timbres) gr\u00e2ce \u00e0 une transmission num\u00e9rique sans fil (syst\u00e8me ELTEC) qui relie les claviers \u00e0 la partie instrumentale situ\u00e9e en tribune dont le buffet dissimule quelque 3000 tuyaux.<br \/>\nOn notera l\u2019int\u00e9r\u00eat d\u2019avoir la console \u00e0 proximit\u00e9 de l\u2019action liturgique, int\u00e9r\u00eat qu\u2019on appr\u00e9ciera \u00e9galement pour les concerts o\u00f9 l\u2019organiste peut jouer ais\u00e9ment avec d\u2019autres instruments et \u00eatre vu du public comme tout musicien\u00a0!<\/p>\n<h2>UN ORGUE QUI PEUT JOUER TOUT SEUL<\/h2>\n<p>En 2014, un Jukebox est venu compl\u00e9ter l\u2019ensemble de ces nouvelles technologies, permettant aux visiteurs de faire fonctionner l\u2019orgue de mani\u00e8re autonome, ce dispositif \u00e9tant une premi\u00e8re mondiale sur un tel instrument. Enfin, en 2024, les cinq claviers ont \u00e9t\u00e9 remplac\u00e9s par de nouveaux beaucoup plus fiables pour le toucher de l\u2019organiste. Et un jeu de Cornet fut ajout\u00e9 au clavier de Chamades. C\u2019est \u00e0 la Manufacture Languedocienne de Grandes Orgues (Lod\u00e8ve) qu\u2019a \u00e9t\u00e9 confi\u00e9e cette op\u00e9ration.<\/p>\n<p><img decoding=\"async\" loading=\"lazy\" class=\"aligncenter wp-image-81 \" src=\"http:\/\/lesamisdelorguedemonteux.com\/wp-content\/uploads\/2018\/03\/IMG_8.jpg\" alt=\"Orgue de monteux\" width=\"575\" height=\"382\" srcset=\"https:\/\/lesamisdelorguedemonteux.com\/wp-content\/uploads\/2018\/03\/IMG_8.jpg 1000w, https:\/\/lesamisdelorguedemonteux.com\/wp-content\/uploads\/2018\/03\/IMG_8-600x398.jpg 600w, https:\/\/lesamisdelorguedemonteux.com\/wp-content\/uploads\/2018\/03\/IMG_8-300x199.jpg 300w, https:\/\/lesamisdelorguedemonteux.com\/wp-content\/uploads\/2018\/03\/IMG_8-768x510.jpg 768w, https:\/\/lesamisdelorguedemonteux.com\/wp-content\/uploads\/2018\/03\/IMG_8-750x498.jpg 750w\" sizes=\"(max-width: 575px) 100vw, 575px\" \/><\/p>\n<h2>EN 2025, LE 16 \u00e8me FESTIVAL !<\/h2>\n<p>Tr\u00e8s recherch\u00e9 par les organistes, l\u2019orgue de Monteux, dans sa configuration sp\u00e9cifique, est remarquablement mis en valeur gr\u00e2ce \u00e0 l\u2019organisation d\u2019un festival annuel, soutenu par la Municipalit\u00e9 depuis son origine, et qui offre au grand public la possibilit\u00e9 de d\u00e9couvrir de jeunes talents ou des artistes confirm\u00e9s, avec une programmation audacieuse et originale, unique en Vaucluse.<\/p>\n<p><img decoding=\"async\" loading=\"lazy\" class=\"aligncenter wp-image-622 \" src=\"http:\/\/lesamisdelorguedemonteux.com\/wp-content\/uploads\/2025\/09\/Capture-decran-2025-09-14-a-16.25.11.png\" alt=\"\" width=\"778\" height=\"966\" srcset=\"https:\/\/lesamisdelorguedemonteux.com\/wp-content\/uploads\/2025\/09\/Capture-decran-2025-09-14-a-16.25.11.png 1142w, https:\/\/lesamisdelorguedemonteux.com\/wp-content\/uploads\/2025\/09\/Capture-decran-2025-09-14-a-16.25.11-242x300.png 242w, https:\/\/lesamisdelorguedemonteux.com\/wp-content\/uploads\/2025\/09\/Capture-decran-2025-09-14-a-16.25.11-825x1024.png 825w, https:\/\/lesamisdelorguedemonteux.com\/wp-content\/uploads\/2025\/09\/Capture-decran-2025-09-14-a-16.25.11-768x954.png 768w, https:\/\/lesamisdelorguedemonteux.com\/wp-content\/uploads\/2025\/09\/Capture-decran-2025-09-14-a-16.25.11-750x931.png 750w\" sizes=\"(max-width: 778px) 100vw, 778px\" \/><\/p>\n<p>Console mobile de 5 claviers 61 notes \/ P\u00e9dalier 32 notes 59 jeux<\/p>\n<p><strong>GRAND ORGUE :<\/strong><br \/>\n3 jeux sur sommier \u00e0 registres :<br \/>\nPrestant 4, Fl\u00fbte 8 (\u00e0 partir du 2\u00e8me Do), Salicional 8 (\u00e0 partir du 2\u00e8me Do)<\/p>\n<p>Fl\u00fbte 8, 1\u00e8re Octave commune avec la 1\u00e8re Octave Fl\u00fbte harmonique du Solo : sommier unit<br \/>\nSalicional 8 : 1\u00e8re Octave commune avec la 1\u00e8re Octave Montre 8 (unit)<\/p>\n<p>Principal 16, Montre 8, Octave 4, Doublette 2, Quinte 2 2\/3 : extension du m\u00eame jeu sur sommier unit<\/p>\n<p>Plein-Jeu : sommier unit<\/p>\n<p><strong>POSITIF :<\/strong><br \/>\n5 jeux sur sommier \u00e0 registres :<br \/>\nFl\u00fbte \u00e0 chemin\u00e9e 8, Prestant 4, Doublette 2, Nasard 2 2\/3, Tierce 1 3\/5 (except\u00e9 1\u00e8re Octave de Fl\u00fbte \u00e0 chemin\u00e9e 8, commune avec 1\u00e8re Octave du Cor de Nuit du R\u00e9cit (unit)<\/p>\n<p>Plein-jeu : sommier unit<\/p>\n<p><strong>RECIT :<\/strong><br \/>\n6 jeux sur sommier \u00e0 registres :<br \/>\nGambe 8 (sauf 1\u00e8re Octave sur sommier unit) Voix c\u00e9leste 8, Cor de Nuit 8 (sauf 1\u00e8re Octave sur sommier unit), Fl\u00fbte 4, Galoubet 2, Voix humaine 8<\/p>\n<p>Bombarde 16, Trompette 8, Clairon 4 : sommier unit<\/p>\n<p>Hautbois 8 : sommier unit`<\/p>\n<p><strong>SOLO :<\/strong><br \/>\nFl\u00fbte harmonique 8, 4, 2, 2 2\/3, 1 1\/3, 1, 1 1\/7 : sommier unit<\/p>\n<p>Cromorne 8 : sommier unit<\/p>\n<p><strong>CHAMADES :<\/strong><br \/>\nChamades 8, 16 (D) : sommier unit<\/p>\n<p>Chalumeau 4, 8(D) : sommier unit<\/p>\n<p><strong>PEDALE :<\/strong><br \/>\nToute emprunt\u00e9e<\/p>\n","protected":false},"excerpt":{"rendered":"<p>UNE BELLE AVENTURE\u2026 Village natal de Nicolas Saboly (1614-1675), c\u00e9l\u00e8bre pour ses No\u00ebls, Monteux ne poss\u00e9dait pas d\u2019orgue dans son \u00e9glise paroissiale Notre-Dame de Nazareth. C\u2019est en 1989 que germe l\u2019id\u00e9e de doter l\u2019\u00e9glise d\u2019un orgue d\u2019occasion, id\u00e9e tr\u00e8s vite abandonn\u00e9e pour laisser place \u00e0 plusieurs projets neufs dans le but de compl\u00e9ter le patrimoine [&hellip;]<\/p>\n","protected":false},"author":1,"featured_media":0,"parent":0,"menu_order":0,"comment_status":"closed","ping_status":"open","template":"template-fullwidth.php","meta":[],"_links":{"self":[{"href":"https:\/\/lesamisdelorguedemonteux.com\/index.php\/wp-json\/wp\/v2\/pages\/2"}],"collection":[{"href":"https:\/\/lesamisdelorguedemonteux.com\/index.php\/wp-json\/wp\/v2\/pages"}],"about":[{"href":"https:\/\/lesamisdelorguedemonteux.com\/index.php\/wp-json\/wp\/v2\/types\/page"}],"author":[{"embeddable":true,"href":"https:\/\/lesamisdelorguedemonteux.com\/index.php\/wp-json\/wp\/v2\/users\/1"}],"replies":[{"embeddable":true,"href":"https:\/\/lesamisdelorguedemonteux.com\/index.php\/wp-json\/wp\/v2\/comments?post=2"}],"version-history":[{"count":21,"href":"https:\/\/lesamisdelorguedemonteux.com\/index.php\/wp-json\/wp\/v2\/pages\/2\/revisions"}],"predecessor-version":[{"id":623,"href":"https:\/\/lesamisdelorguedemonteux.com\/index.php\/wp-json\/wp\/v2\/pages\/2\/revisions\/623"}],"wp:attachment":[{"href":"https:\/\/lesamisdelorguedemonteux.com\/index.php\/wp-json\/wp\/v2\/media?parent=2"}],"curies":[{"name":"wp","href":"https:\/\/api.w.org\/{rel}","templated":true}]}}